{"id":40,"date":"2025-11-02T21:18:24","date_gmt":"2025-11-02T21:18:24","guid":{"rendered":"https:\/\/fernandovargas.edu.pe\/?page_id=40"},"modified":"2025-11-13T17:09:21","modified_gmt":"2025-11-13T17:09:21","slug":"admision","status":"publish","type":"page","link":"https:\/\/fernandovargas.edu.pe\/?page_id=40","title":{"rendered":"Informaci\u00f3n 2026"},"content":{"rendered":"<p>[et_pb_section fb_built=\u00bb1&#8243; fullwidth=\u00bbon\u00bb admin_label=\u00bbHeader Section\u00bb _builder_version=\u00bb4.27.4&#8243; background_color=\u00bbRGBA(255,255,255,0)\u00bb background_image=\u00bbhttps:\/\/fernandovargas.edu.pe\/wp-content\/uploads\/2025\/11\/CORREGIDO.jpg\u00bb background_position=\u00bbtop_right\u00bb background_horizontal_offset=\u00bb40%\u00bb background_vertical_offset=\u00bb16%\u00bb module_alignment=\u00bbcenter\u00bb height=\u00bb593px\u00bb filter_brightness=\u00bb101%\u00bb top_divider_color=\u00bbrgba(255,255,255,0.3)\u00bb top_divider_height=\u00bb100%\u00bb bottom_divider_height=\u00bb30px\u00bb box_shadow_style=\u00bbpreset2&#8243; box_shadow_spread=\u00bb-2px\u00bb global_colors_info=\u00bb{}\u00bb][et_pb_fullwidth_header title=\u00bbAdmisi\u00f3n 2026&#8243; text_orientation=\u00bbcenter\u00bb header_fullscreen=\u00bbon\u00bb background_overlay_color=\u00bbRGBA(255,255,255,0)\u00bb image_orientation=\u00bbbottom\u00bb _builder_version=\u00bb4.27.4&#8243; _module_preset=\u00bbdefault\u00bb title_font=\u00bb&#8211;et_global_heading_font|700|||||||\u00bb title_text_align=\u00bbcenter\u00bb title_text_color=\u00bb#FFFFFF\u00bb title_font_size=\u00bb65px\u00bb title_letter_spacing=\u00bb2px\u00bb title_line_height=\u00bb1.5em\u00bb content_font_size=\u00bb19px\u00bb background_enable_color=\u00bboff\u00bb custom_margin=\u00bb-107px||-153px||false|false\u00bb custom_padding=\u00bb0px||0px||true|false\u00bb title_text_shadow_style=\u00bbpreset2&#8243; content_text_shadow_style=\u00bbpreset2&#8243; border_style_all=\u00bbnone\u00bb border_color_all_image=\u00bbRGBA(255,255,255,0)\u00bb global_colors_info=\u00bb{}\u00bb]<\/p>\n<p>Conoce el proceso de admisi\u00f3n para el a\u00f1o escolar 2026. Aqu\u00ed encontrar\u00e1s toda la informaci\u00f3n necesaria, requisitos, documentos y pasos para ser parte de nuestra comunidad educativa. \u00a1Te esperamos para formar juntos un futuro lleno de valores y aprendizaje!<\/p>\n<p>[\/et_pb_fullwidth_header][\/et_pb_section][et_pb_section fb_built=\u00bb1&#8243; admin_label=\u00bbContact Section\u00bb _builder_version=\u00bb4.27.4&#8243; background_image=\u00bbhttps:\/\/fernandovargas.edu.pe\/wp-content\/uploads\/2025\/11\/fondo.jpg\u00bb parallax=\u00bbon\u00bb min_height=\u00bb734.1px\u00bb custom_margin=\u00bb34px|||||\u00bb custom_padding=\u00bb||0px|||\u00bb global_colors_info=\u00bb{}\u00bb][et_pb_row column_structure=\u00bb1_2,1_2&#8243; _builder_version=\u00bb4.27.4&#8243; _module_preset=\u00bbdefault\u00bb min_height=\u00bb688.1px\u00bb custom_padding=\u00bb||16px|||\u00bb global_colors_info=\u00bb{}\u00bb][et_pb_column type=\u00bb1_2&#8243; _builder_version=\u00bb4.27.4&#8243; _module_preset=\u00bbdefault\u00bb global_colors_info=\u00bb{}\u00bb][et_pb_code _builder_version=\u00bb4.27.4&#8243; _module_preset=\u00bbdefault\u00bb min_height=\u00bb153.1px\u00bb hover_enabled=\u00bb0&#8243; global_colors_info=\u00bb{}\u00bb sticky_enabled=\u00bb0&#8243;]<iframe loading=\"lazy\" src=\"https:\/\/fernandovargas.edu.pe\/wp-content\/uploads\/2025\/11\/CARTILLA-DE-ADMISION-FVRS-2026.pdf\" width=\"100%\" height=\"600\"><!-- [et_pb_line_break_holder] --><\/iframe>[\/et_pb_code][\/et_pb_column][et_pb_column type=\u00bb1_2&#8243; _builder_version=\u00bb4.27.4&#8243; _module_preset=\u00bbdefault\u00bb global_colors_info=\u00bb{}\u00bb][et_pb_code _builder_version=\u00bb4.27.4&#8243; _module_preset=\u00bbdefault\u00bb global_colors_info=\u00bb{}\u00bb]<iframe loading=\"lazy\" src=\"https:\/\/fernandovargas.edu.pe\/wp-content\/uploads\/2025\/11\/INFORMACION-GENERAL-DEL-SERVICIO-EDUCATIVO-2026.pdf\" width=\"100%\" height=\"600\"><!-- [et_pb_line_break_holder] --><\/iframe>[\/et_pb_code][\/et_pb_column][\/et_pb_row][et_pb_row _builder_version=\u00bb4.27.4&#8243; _module_preset=\u00bbdefault\u00bb][et_pb_column _builder_version=\u00bb4.27.4&#8243; _module_preset=\u00bbdefault\u00bb type=\u00bb4_4&#8243;][et_pb_code _builder_version=\u00bb4.27.4&#8243; _module_preset=\u00bbdefault\u00bb hover_enabled=\u00bb0&#8243; sticky_enabled=\u00bb0&#8243; text_orientation=\u00bbcenter\u00bb]<iframe loading=\"lazy\" src=\"https:\/\/fernandovargas.edu.pe\/wp-content\/uploads\/2025\/11\/REGLAM.INTER_.IEP_.FERNANDO-VARGAS-2025.pdf\" width=\"60%\" height=\"600\"><!-- [et_pb_line_break_holder] --><\/iframe>[\/et_pb_code][\/et_pb_column][\/et_pb_row][\/et_pb_section]<\/p>\n","protected":false},"excerpt":{"rendered":"<p>Conoce el proceso de admisi\u00f3n para el a\u00f1o escolar 2026. Aqu\u00ed encontrar\u00e1s toda la informaci\u00f3n necesaria, requisitos, documentos y pasos para ser parte de nuestra comunidad educativa. \u00a1Te esperamos para formar juntos un futuro lleno de valores y aprendizaje!<\/p>\n","protected":false},"author":1,"featured_media":0,"parent":0,"menu_order":0,"comment_status":"closed","ping_status":"closed","template":"","meta":{"_et_pb_use_builder":"on","_et_pb_old_content":"","_et_gb_content_width":"","footnotes":""},"class_list":["post-40","page","type-page","status-publish","hentry"],"_links":{"self":[{"href":"https:\/\/fernandovargas.edu.pe\/index.php?rest_route=\/wp\/v2\/pages\/40","targetHints":{"allow":["GET"]}}],"collection":[{"href":"https:\/\/fernandovargas.edu.pe\/index.php?rest_route=\/wp\/v2\/pages"}],"about":[{"href":"https:\/\/fernandovargas.edu.pe\/index.php?rest_route=\/wp\/v2\/types\/page"}],"author":[{"embeddable":true,"href":"https:\/\/fernandovargas.edu.pe\/index.php?rest_route=\/wp\/v2\/users\/1"}],"replies":[{"embeddable":true,"href":"https:\/\/fernandovargas.edu.pe\/index.php?rest_route=%2Fwp%2Fv2%2Fcomments&post=40"}],"version-history":[{"count":19,"href":"https:\/\/fernandovargas.edu.pe\/index.php?rest_route=\/wp\/v2\/pages\/40\/revisions"}],"predecessor-version":[{"id":168,"href":"https:\/\/fernandovargas.edu.pe\/index.php?rest_route=\/wp\/v2\/pages\/40\/revisions\/168"}],"wp:attachment":[{"href":"https:\/\/fernandovargas.edu.pe\/index.php?rest_route=%2Fwp%2Fv2%2Fmedia&parent=40"}],"curies":[{"name":"wp","href":"https:\/\/api.w.org\/{rel}","templated":true}]}}